{"id":10,"date":"2024-12-12T04:49:14","date_gmt":"2024-12-12T09:49:14","guid":{"rendered":"https:\/\/tourmakerco.com\/index.php\/carrito\/"},"modified":"2025-01-11T21:14:34","modified_gmt":"2025-01-12T02:14:34","slug":"carrito","status":"publish","type":"page","link":"https:\/\/tourmakerco.com\/?page_id=10","title":{"rendered":"Carrito"},"content":{"rendered":"<div data-block-name=\"woocommerce\/cart\" class=\"wp-block-woocommerce-cart alignwide is-loading\"><div data-block-name=\"woocommerce\/filled-cart-block\" class=\"wp-block-woocommerce-filled-cart-block\"><div data-block-name=\"woocommerce\/cart-items-block\" class=\"wp-block-woocommerce-cart-items-block\"><div data-block-name=\"woocommerce\/cart-line-items-block\" class=\"wp-block-woocommerce-cart-line-items-block\"><\/div>\n\n<div data-block-name=\"woocommerce\/cart-cross-sells-block\" class=\"wp-block-woocommerce-cart-cross-sells-block\"><h2 class=\"wp-block-heading has-large-font-size\">Puede que te interese\u2026<\/h2>\n\n<div data-block-name=\"woocommerce\/cart-cross-sells-products-block\" class=\"wp-block-woocommerce-cart-cross-sells-products-block\"><\/div><\/div><\/div>\n\n<div data-block-name=\"woocommerce\/cart-totals-block\" class=\"wp-block-woocommerce-cart-totals-block\"><div data-block-name=\"woocommerce\/cart-order-summary-block\" class=\"wp-block-woocommerce-cart-order-summary-block\"><div data-block-name=\"woocommerce\/cart-order-summary-heading-block\" class=\"wp-block-woocommerce-cart-order-summary-heading-block\"><\/div><div data-block-name=\"woocommerce\/cart-order-summary-coupon-form-block\" class=\"wp-block-woocommerce-cart-order-summary-coupon-form-block\"><\/div><div data-block-name=\"woocommerce\/cart-order-summary-totals-block\" class=\"wp-block-woocommerce-cart-order-summary-totals-block\">\n<div data-block-name=\"woocommerce\/cart-order-summary-subtotal-block\" class=\"wp-block-woocommerce-cart-order-summary-subtotal-block\"><\/div>\n<div data-block-name=\"woocommerce\/cart-order-summary-discount-block\" class=\"wp-block-woocommerce-cart-order-summary-discount-block\"><\/div>\n<div data-block-name=\"woocommerce\/cart-order-summary-fee-block\" class=\"wp-block-woocommerce-cart-order-summary-fee-block\"><\/div>\n<div data-block-name=\"woocommerce\/cart-order-summary-shipping-block\" class=\"wp-block-woocommerce-cart-order-summary-shipping-block\"><\/div>\n<div data-block-name=\"woocommerce\/cart-order-summary-taxes-block\" class=\"wp-block-woocommerce-cart-order-summary-taxes-block\"><\/div><\/div><\/div>\n\n<div data-block-name=\"woocommerce\/cart-express-payment-block\" class=\"wp-block-woocommerce-cart-express-payment-block\"><\/div>\n\n<div data-block-name=\"woocommerce\/proceed-to-checkout-block\" class=\"wp-block-woocommerce-proceed-to-checkout-block\"><\/div>\n\n<div data-block-name=\"woocommerce\/cart-accepted-payment-methods-block\" class=\"wp-block-woocommerce-cart-accepted-payment-methods-block\"><\/div><\/div><\/div>\n\n<div data-block-name=\"woocommerce\/empty-cart-block\" class=\"wp-block-woocommerce-empty-cart-block\"><h2 class=\"wp-block-heading has-text-align-center with-empty-cart-icon wc-block-cart__empty-cart__title\">\u00a1Tu carrito actualmente est\u00e1 vac\u00edo!<\/h2>\n\n<hr class=\"wp-block-separator has-alpha-channel-opacity is-style-dots\"\/>\n\n<h2 class=\"wp-block-heading has-text-align-center\">Nuevo en la tienda<\/h2>\n\n<div data-block-name=\"woocommerce\/product-new\" data-columns=\"4\" data-rows=\"1\" class=\"wc-block-grid wp-block-product-new wc-block-product-new has-4-columns\"><ul class=\"wc-block-grid__products\"><li class=\"wc-block-grid__product\">\n\t\t\t\t<a href=\"https:\/\/tourmakerco.com\/?product=citytour-por-bogota\" class=\"wc-block-grid__product-link\">\n\t\t\t\t\t\n\t\t\t\t\t<div class=\"wc-block-grid__product-image\"><img fetchpriority=\"high\" decoding=\"async\" width=\"300\" height=\"300\" src=\"https:\/\/tourmakerco.com\/wp-content\/uploads\/2025\/01\/Laguna-de-Guatavia-300x300.png\" class=\"attachment-woocommerce_thumbnail size-woocommerce_thumbnail\" alt=\"CityTour por Bogot\u00e1\" srcset=\"https:\/\/tourmakerco.com\/wp-content\/uploads\/2025\/01\/Laguna-de-Guatavia-300x300.png 300w, https:\/\/tourmakerco.com\/wp-content\/uploads\/2025\/01\/Laguna-de-Guatavia-1024x1024.png 1024w, https:\/\/tourmakerco.com\/wp-content\/uploads\/2025\/01\/Laguna-de-Guatavia-150x150.png 150w, https:\/\/tourmakerco.com\/wp-content\/uploads\/2025\/01\/Laguna-de-Guatavia-600x600.png 600w, https:\/\/tourmakerco.com\/wp-content\/uploads\/2025\/01\/Laguna-de-Guatavia-100x100.png 100w, https:\/\/tourmakerco.com\/wp-content\/uploads\/2025\/01\/Laguna-de-Guatavia-800x800.png 800w, https:\/\/tourmakerco.com\/wp-content\/uploads\/2025\/01\/Laguna-de-Guatavia.png 1080w\" sizes=\"100vw\" \/><\/div>\n\t\t\t\t\t<div class=\"wc-block-grid__product-title\">CityTour por Bogot\u00e1<\/div>\n\t\t\t\t<\/a>\n\t\t\t\t<div class=\"wc-block-grid__product-price price\"><span class=\"woocommerce-Price-amount amount\"><span class=\"woocommerce-Price-currencySymbol\">&#036;<\/span>&nbsp;10<\/span><\/div>\n\t\t\t\t\n\t\t\t\t<div class=\"wp-block-button wc-block-grid__product-add-to-cart\"><a href=\"?add-to-cart=7240\" aria-label=\"A\u00f1adir al carrito: &ldquo;CityTour por Bogot\u00e1&rdquo;\" data-quantity=\"1\" data-product_id=\"7240\" data-product_sku=\"\" data-price=\"10\" rel=\"nofollow\" class=\"wp-block-button__link  add_to_cart_button ajax_add_to_cart\">A\u00f1adir al carrito<\/a><\/div>\n\t\t\t<\/li><li class=\"wc-block-grid__product\">\n\t\t\t\t<a href=\"https:\/\/tourmakerco.com\/?product=andres-carne-de-res-chia\" class=\"wc-block-grid__product-link\">\n\t\t\t\t\t\n\t\t\t\t\t<div class=\"wc-block-grid__product-image\"><img decoding=\"async\" width=\"300\" height=\"300\" src=\"https:\/\/tourmakerco.com\/wp-content\/uploads\/2025\/01\/Restaurante_sabana_andres_carne_de_res-300x300.png\" class=\"attachment-woocommerce_thumbnail size-woocommerce_thumbnail\" alt=\"Andr\u00e9s Carne de Res Ch\u00eda +\" srcset=\"https:\/\/tourmakerco.com\/wp-content\/uploads\/2025\/01\/Restaurante_sabana_andres_carne_de_res-300x300.png 300w, https:\/\/tourmakerco.com\/wp-content\/uploads\/2025\/01\/Restaurante_sabana_andres_carne_de_res-1024x1024.png 1024w, https:\/\/tourmakerco.com\/wp-content\/uploads\/2025\/01\/Restaurante_sabana_andres_carne_de_res-150x150.png 150w, https:\/\/tourmakerco.com\/wp-content\/uploads\/2025\/01\/Restaurante_sabana_andres_carne_de_res-600x600.png 600w, https:\/\/tourmakerco.com\/wp-content\/uploads\/2025\/01\/Restaurante_sabana_andres_carne_de_res-100x100.png 100w, https:\/\/tourmakerco.com\/wp-content\/uploads\/2025\/01\/Restaurante_sabana_andres_carne_de_res-800x800.png 800w, https:\/\/tourmakerco.com\/wp-content\/uploads\/2025\/01\/Restaurante_sabana_andres_carne_de_res.png 1080w\" sizes=\"100vw\" \/><\/div>\n\t\t\t\t\t<div class=\"wc-block-grid__product-title\">Andr\u00e9s Carne de Res Ch\u00eda +<\/div>\n\t\t\t\t<\/a>\n\t\t\t\t<div class=\"wc-block-grid__product-price price\"><span class=\"woocommerce-Price-amount amount\"><span class=\"woocommerce-Price-currencySymbol\">&#036;<\/span>&nbsp;10<\/span><\/div>\n\t\t\t\t\n\t\t\t\t<div class=\"wp-block-button wc-block-grid__product-add-to-cart\"><a href=\"?add-to-cart=7230\" aria-label=\"A\u00f1adir al carrito: &ldquo;Andr\u00e9s Carne de Res Ch\u00eda +&rdquo;\" data-quantity=\"1\" data-product_id=\"7230\" data-product_sku=\"\" data-price=\"10\" rel=\"nofollow\" class=\"wp-block-button__link  add_to_cart_button ajax_add_to_cart\">A\u00f1adir al carrito<\/a><\/div>\n\t\t\t<\/li><li class=\"wc-block-grid__product\">\n\t\t\t\t<a href=\"https:\/\/tourmakerco.com\/?product=encanto-de-la-laguna-de-guatavita\" class=\"wc-block-grid__product-link\">\n\t\t\t\t\t\n\t\t\t\t\t<div class=\"wc-block-grid__product-image\"><img decoding=\"async\" width=\"300\" height=\"300\" src=\"https:\/\/tourmakerco.com\/wp-content\/uploads\/2025\/01\/Laguna-de-Guatavia-300x300.png\" class=\"attachment-woocommerce_thumbnail size-woocommerce_thumbnail\" alt=\"El encanto de la Laguna de Guatavita\" srcset=\"https:\/\/tourmakerco.com\/wp-content\/uploads\/2025\/01\/Laguna-de-Guatavia-300x300.png 300w, https:\/\/tourmakerco.com\/wp-content\/uploads\/2025\/01\/Laguna-de-Guatavia-1024x1024.png 1024w, https:\/\/tourmakerco.com\/wp-content\/uploads\/2025\/01\/Laguna-de-Guatavia-150x150.png 150w, https:\/\/tourmakerco.com\/wp-content\/uploads\/2025\/01\/Laguna-de-Guatavia-600x600.png 600w, https:\/\/tourmakerco.com\/wp-content\/uploads\/2025\/01\/Laguna-de-Guatavia-100x100.png 100w, https:\/\/tourmakerco.com\/wp-content\/uploads\/2025\/01\/Laguna-de-Guatavia-800x800.png 800w, https:\/\/tourmakerco.com\/wp-content\/uploads\/2025\/01\/Laguna-de-Guatavia.png 1080w\" sizes=\"100vw\" \/><\/div>\n\t\t\t\t\t<div class=\"wc-block-grid__product-title\">El encanto de la Laguna de Guatavita<\/div>\n\t\t\t\t<\/a>\n\t\t\t\t<div class=\"wc-block-grid__product-price price\"><span class=\"woocommerce-Price-amount amount\"><span class=\"woocommerce-Price-currencySymbol\">&#036;<\/span>&nbsp;270<\/span> &ndash; <span class=\"woocommerce-Price-amount amount\"><span class=\"woocommerce-Price-currencySymbol\">&#036;<\/span>&nbsp;720<\/span><\/div>\n\t\t\t\t\n\t\t\t\t<div class=\"wp-block-button wc-block-grid__product-add-to-cart\"><a href=\"https:\/\/tourmakerco.com\/?product=encanto-de-la-laguna-de-guatavita\" aria-label=\"Elige las opciones para &ldquo;El encanto de la Laguna de Guatavita&rdquo;\" data-quantity=\"1\" data-product_id=\"6747\" data-product_sku=\"\" data-price=\"270\" rel=\"nofollow\" class=\"wp-block-button__link  add_to_cart_button\">Seleccionar opciones<\/a><\/div>\n\t\t\t<\/li><\/ul><\/div><\/div><\/div>","protected":false},"excerpt":{"rendered":"","protected":false},"author":1,"featured_media":0,"parent":0,"menu_order":0,"comment_status":"closed","ping_status":"closed","template":"","meta":{"_monsterinsights_skip_tracking":false,"_monsterinsights_sitenote_active":false,"_monsterinsights_sitenote_note":"","_monsterinsights_sitenote_category":0,"footnotes":""},"class_list":["post-10","page","type-page","status-publish","hentry"],"aioseo_notices":[],"featured_media_urls":[],"_links":{"self":[{"href":"https:\/\/tourmakerco.com\/index.php?rest_route=\/wp\/v2\/pages\/10","targetHints":{"allow":["GET"]}}],"collection":[{"href":"https:\/\/tourmakerco.com\/index.php?rest_route=\/wp\/v2\/pages"}],"about":[{"href":"https:\/\/tourmakerco.com\/index.php?rest_route=\/wp\/v2\/types\/page"}],"author":[{"embeddable":true,"href":"https:\/\/tourmakerco.com\/index.php?rest_route=\/wp\/v2\/users\/1"}],"replies":[{"embeddable":true,"href":"https:\/\/tourmakerco.com\/index.php?rest_route=%2Fwp%2Fv2%2Fcomments&post=10"}],"version-history":[{"count":1,"href":"https:\/\/tourmakerco.com\/index.php?rest_route=\/wp\/v2\/pages\/10\/revisions"}],"predecessor-version":[{"id":62,"href":"https:\/\/tourmakerco.com\/index.php?rest_route=\/wp\/v2\/pages\/10\/revisions\/62"}],"wp:attachment":[{"href":"https:\/\/tourmakerco.com\/index.php?rest_route=%2Fwp%2Fv2%2Fmedia&parent=10"}],"curies":[{"name":"wp","href":"https:\/\/api.w.org\/{rel}","templated":true}]}}